{"id":530,"date":"2025-07-25T13:17:06","date_gmt":"2025-07-25T11:17:06","guid":{"rendered":"https:\/\/stagingsieben.wowi-web.de\/?page_id=530"},"modified":"2025-09-16T10:49:50","modified_gmt":"2025-09-16T08:49:50","slug":"impressum","status":"publish","type":"page","link":"https:\/\/profis-celle.de\/kurierdienst\/impressum\/","title":{"rendered":"Impressum"},"content":{"rendered":"\t\t<div data-elementor-type=\"wp-page\" data-elementor-id=\"530\" class=\"elementor elementor-530\" data-elementor-post-type=\"page\">\n\t\t\t\t\t\t<section class=\"elementor-section elementor-top-section elementor-element elementor-element-f00e367 elementor-section-boxed elementor-section-height-default elementor-section-height-default\" data-id=\"f00e367\" data-element_type=\"section\" data-e-type=\"section\">\n\t\t\t\t\t\t<div class=\"elementor-container elementor-column-gap-default\">\n\t\t\t\t\t<div class=\"elementor-column elementor-col-100 elementor-top-column elementor-element elementor-element-b33c51b\" data-id=\"b33c51b\" data-element_type=\"column\" data-e-type=\"column\">\n\t\t\t<div class=\"elementor-widget-wrap elementor-element-populated\">\n\t\t\t\t\t\t<div class=\"elementor-element elementor-element-87e2a55 elementor-widget elementor-widget-heading\" data-id=\"87e2a55\" data-element_type=\"widget\" data-e-type=\"widget\" data-widget_type=\"heading.default\">\n\t\t\t\t<div class=\"elementor-widget-container\">\n\t\t\t\t\t<h2 class=\"elementor-heading-title elementor-size-default\">Impressum<\/h2>\t\t\t\t<\/div>\n\t\t\t\t<\/div>\n\t\t\t\t<div class=\"elementor-element elementor-element-5469fbf elementor-widget elementor-widget-text-editor\" data-id=\"5469fbf\" data-element_type=\"widget\" data-e-type=\"widget\" data-widget_type=\"text-editor.default\">\n\t\t\t\t<div class=\"elementor-widget-container\">\n\t\t\t\t\t\t\t\t\t<p data-start=\"260\" data-end=\"320\">Profis24 GmbH<br data-start=\"273\" data-end=\"276\" \/>Kirchstra\u00dfe 39<br data-start=\"290\" data-end=\"293\" \/>29221 Celle<br data-start=\"304\" data-end=\"307\" \/>Deutschland<\/p><p data-start=\"322\" data-end=\"375\">Vertreten durch den Gesch\u00e4ftsf\u00fchrer:<br data-start=\"358\" data-end=\"361\" \/>Faisal Rasuli<\/p><p data-start=\"377\" data-end=\"456\">Telefon: +49 176 55075555<br data-start=\"402\" data-end=\"405\" \/>E-Mail: <a class=\"cursor-pointer\" rel=\"noopener\" data-start=\"413\" data-end=\"429\">info@profis-celle.de<\/a><br data-start=\"429\" data-end=\"432\" \/>Website: <a class=\"\" href=\"http:\/\/www.profis24.de\" target=\"_new\" rel=\"noopener\" data-start=\"441\" data-end=\"456\">www.profis-celle.de\/kurierdienst<\/a><\/p><p data-start=\"458\" data-end=\"576\">Registereintrag:<br data-start=\"474\" data-end=\"477\" \/>Eintragung im Handelsregister.<br data-start=\"507\" data-end=\"510\" \/>Registergericht: Amtsgericht L\u00fcneburg<br data-start=\"547\" data-end=\"550\" \/>Registernummer: HRB 213161<\/p><h3 data-start=\"760\" data-end=\"818\">Verantwortlich f\u00fcr den Inhalt nach \u00a7 55 Abs. 2 RStV:<\/h3><p data-start=\"819\" data-end=\"864\">Faisal Rasuli<br data-start=\"833\" data-end=\"836\" \/>Kirchstra\u00dfe 39<br data-start=\"850\" data-end=\"853\" \/>29221 Celle<\/p><h3 data-start=\"871\" data-end=\"893\">Haftungsausschluss<\/h3><p data-start=\"895\" data-end=\"1410\"><strong data-start=\"895\" data-end=\"918\">Haftung f\u00fcr Inhalte<\/strong><br data-start=\"918\" data-end=\"921\" \/>Als Diensteanbieter sind wir gem\u00e4\u00df \u00a7 7 Abs.1 TMG f\u00fcr eigene Inhalte auf diesen Seiten nach den allgemeinen Gesetzen verantwortlich. Nach \u00a7\u00a7 8 bis 10 TMG sind wir als Diensteanbieter jedoch nicht verpflichtet, \u00fcbermittelte oder gespeicherte fremde Informationen zu \u00fcberwachen oder nach Umst\u00e4nden zu forschen, die auf eine rechtswidrige T\u00e4tigkeit hinweisen.<br data-start=\"1276\" data-end=\"1279\" \/>Verpflichtungen zur Entfernung oder Sperrung der Nutzung von Informationen nach den allgemeinen Gesetzen bleiben hiervon unber\u00fchrt.<\/p><p data-start=\"1412\" data-end=\"1726\"><strong data-start=\"1412\" data-end=\"1433\">Haftung f\u00fcr Links<\/strong><br data-start=\"1433\" data-end=\"1436\" \/>Unser Angebot enth\u00e4lt Links zu externen Websites Dritter, auf deren Inhalte wir keinen Einfluss haben. Deshalb k\u00f6nnen wir f\u00fcr diese fremden Inhalte auch keine Gew\u00e4hr \u00fcbernehmen. F\u00fcr die Inhalte der verlinkten Seiten ist stets der jeweilige Anbieter oder Betreiber der Seiten verantwortlich.<\/p>\t\t\t\t\t\t\t\t<\/div>\n\t\t\t\t<\/div>\n\t\t\t\t\t<\/div>\n\t\t<\/div>\n\t\t\t\t\t<\/div>\n\t\t<\/section>\n\t\t\t\t<\/div>\n\t\t","protected":false},"excerpt":{"rendered":"<p>Impressum Profis24 GmbHKirchstra\u00dfe 3929221 CelleDeutschlandVertreten durch den Gesch\u00e4ftsf\u00fchrer:Faisal RasuliTelefon: +49 176 55075555E-Mail: info@profis-celle.deWebsite: www.profis-celle.de\/kurierdienstRegistereintrag:Eintragung im Handelsregister.Registergericht: Amtsgericht L\u00fcneburgRegisternummer: HRB 213161Verantwortlich f\u00fcr den Inhalt nach \u00a7 55 Abs. 2 RStV:Faisal RasuliKirchstra\u00dfe 3929221 CelleHaftungsausschlussHaftung f\u00fcr InhalteAls Diensteanbieter sind wir gem\u00e4\u00df \u00a7 7 Abs.1 TMG f\u00fcr eigene Inhalte auf diesen Seiten nach den allgemeinen Gesetzen verantwortlich. Nach \u00a7\u00a7 [&hellip;]<\/p>\n","protected":false},"author":1,"featured_media":0,"parent":0,"menu_order":0,"comment_status":"closed","ping_status":"closed","template":"elementor_theme","meta":{"inline_featured_image":false,"footnotes":""},"class_list":["post-530","page","type-page","status-publish","hentry"],"_links":{"self":[{"href":"https:\/\/profis-celle.de\/kurierdienst\/wp-json\/wp\/v2\/pages\/530","targetHints":{"allow":["GET"]}}],"collection":[{"href":"https:\/\/profis-celle.de\/kurierdienst\/wp-json\/wp\/v2\/pages"}],"about":[{"href":"https:\/\/profis-celle.de\/kurierdienst\/wp-json\/wp\/v2\/types\/page"}],"author":[{"embeddable":true,"href":"https:\/\/profis-celle.de\/kurierdienst\/wp-json\/wp\/v2\/users\/1"}],"replies":[{"embeddable":true,"href":"https:\/\/profis-celle.de\/kurierdienst\/wp-json\/wp\/v2\/comments?post=530"}],"version-history":[{"count":54,"href":"https:\/\/profis-celle.de\/kurierdienst\/wp-json\/wp\/v2\/pages\/530\/revisions"}],"predecessor-version":[{"id":881,"href":"https:\/\/profis-celle.de\/kurierdienst\/wp-json\/wp\/v2\/pages\/530\/revisions\/881"}],"wp:attachment":[{"href":"https:\/\/profis-celle.de\/kurierdienst\/wp-json\/wp\/v2\/media?parent=530"}],"curies":[{"name":"wp","href":"https:\/\/api.w.org\/{rel}","templated":true}]}}