{"id":532,"date":"2025-07-25T13:17:13","date_gmt":"2025-07-25T11:17:13","guid":{"rendered":"https:\/\/stagingsieben.wowi-web.de\/?page_id=532"},"modified":"2025-09-14T15:48:42","modified_gmt":"2025-09-14T13:48:42","slug":"datenschutzhinweise","status":"publish","type":"page","link":"https:\/\/profis-celle.de\/kurierdienst\/datenschutzhinweise\/","title":{"rendered":"Datenschutzhinweise"},"content":{"rendered":"\t\t<div data-elementor-type=\"wp-page\" data-elementor-id=\"532\" class=\"elementor elementor-532\" data-elementor-post-type=\"page\">\n\t\t\t\t\t\t<section class=\"elementor-section elementor-top-section elementor-element elementor-element-9d34726 elementor-section-boxed elementor-section-height-default elementor-section-height-default\" data-id=\"9d34726\" data-element_type=\"section\" data-e-type=\"section\">\n\t\t\t\t\t\t<div class=\"elementor-container elementor-column-gap-default\">\n\t\t\t\t\t<div class=\"elementor-column elementor-col-100 elementor-top-column elementor-element elementor-element-249f45b\" data-id=\"249f45b\" data-element_type=\"column\" data-e-type=\"column\">\n\t\t\t<div class=\"elementor-widget-wrap elementor-element-populated\">\n\t\t\t\t\t\t<div class=\"elementor-element elementor-element-ba30049 elementor-widget elementor-widget-heading\" data-id=\"ba30049\" data-element_type=\"widget\" data-e-type=\"widget\" data-widget_type=\"heading.default\">\n\t\t\t\t<div class=\"elementor-widget-container\">\n\t\t\t\t\t<h2 class=\"elementor-heading-title elementor-size-default\">Datenschutzhinweise<\/h2>\t\t\t\t<\/div>\n\t\t\t\t<\/div>\n\t\t\t\t<div class=\"elementor-element elementor-element-e5dac47 elementor-widget elementor-widget-text-editor\" data-id=\"e5dac47\" data-element_type=\"widget\" data-e-type=\"widget\" data-widget_type=\"text-editor.default\">\n\t\t\t\t<div class=\"elementor-widget-container\">\n\t\t\t\t\t\t\t\t\t<h3 data-start=\"151\" data-end=\"179\">1. Allgemeine Hinweise<\/h3><p data-start=\"180\" data-end=\"395\">Der Schutz Ihrer pers\u00f6nlichen Daten ist uns ein wichtiges Anliegen. Wir behandeln Ihre personenbezogenen Daten vertraulich und entsprechend der gesetzlichen Datenschutzvorschriften sowie dieser Datenschutzerkl\u00e4rung.<\/p><p data-start=\"397\" data-end=\"542\">Die folgenden Hinweise geben einen einfachen \u00dcberblick dar\u00fcber, was mit Ihren personenbezogenen Daten passiert, wenn Sie unsere Website besuchen.<\/p><hr data-start=\"544\" data-end=\"547\" \/><h3 data-start=\"549\" data-end=\"580\">2. Verantwortliche Stelle<\/h3><p data-start=\"581\" data-end=\"698\"><strong data-start=\"581\" data-end=\"598\">Profis24 GmbH<\/strong><br data-start=\"598\" data-end=\"601\" \/>Kirchstra\u00dfe 39<br data-start=\"615\" data-end=\"618\" \/>29221 Celle<br data-start=\"629\" data-end=\"632\" \/>Deutschland<br data-start=\"643\" data-end=\"646\" \/>Telefon: +49 176 55075555<br data-start=\"671\" data-end=\"674\" \/>E-Mail: <a class=\"cursor-pointer\" rel=\"noopener\" data-start=\"682\" data-end=\"698\">info@profis-celle.de<\/a><\/p><hr data-start=\"700\" data-end=\"703\" \/><h3 data-start=\"705\" data-end=\"760\">3. Erhebung und Speicherung personenbezogener Daten<\/h3><h4 data-start=\"762\" data-end=\"793\">Beim Besuch der Website:<\/h4><p data-start=\"794\" data-end=\"938\">Beim Aufrufen unserer Website werden durch den Webserver automatisch Informationen erfasst, die Ihr Browser \u00fcbermittelt. Dies sind insbesondere:<\/p><ul data-start=\"940\" data-end=\"1089\"><li data-start=\"940\" data-end=\"954\"><p data-start=\"942\" data-end=\"954\">IP-Adresse<\/p><\/li><li data-start=\"955\" data-end=\"988\"><p data-start=\"957\" data-end=\"988\">Datum und Uhrzeit der Anfrage<\/p><\/li><li data-start=\"989\" data-end=\"1016\"><p data-start=\"991\" data-end=\"1016\">Browsertyp und -version<\/p><\/li><li data-start=\"1017\" data-end=\"1035\"><p data-start=\"1019\" data-end=\"1035\">Betriebssystem<\/p><\/li><li data-start=\"1036\" data-end=\"1052\"><p data-start=\"1038\" data-end=\"1052\">Referrer-URL<\/p><\/li><li data-start=\"1053\" data-end=\"1089\"><p data-start=\"1055\" data-end=\"1089\">Hostname des zugreifenden Rechners<\/p><\/li><\/ul><p data-start=\"1091\" data-end=\"1238\">Diese Daten dienen der technischen Stabilit\u00e4t und Sicherheit der Website. Eine Zusammenf\u00fchrung dieser Daten mit anderen Datenquellen erfolgt nicht.<\/p><h4 data-start=\"1240\" data-end=\"1263\">Kontaktformular:<\/h4><p data-start=\"1264\" data-end=\"1467\">Wenn Sie uns per Formular Anfragen zukommen lassen, werden Ihre Angaben inklusive der dort angegebenen Kontaktdaten zur Bearbeitung Ihrer Anfrage und f\u00fcr den Fall von Anschlussfragen bei uns gespeichert.<\/p><p data-start=\"1469\" data-end=\"1531\"><strong data-start=\"1469\" data-end=\"1531\">Diese Daten geben wir nicht ohne Ihre Einwilligung weiter.<\/strong><\/p><hr data-start=\"1533\" data-end=\"1536\" \/><h3 data-start=\"1538\" data-end=\"1569\">4. Verwendung von Cookies<\/h3><p data-start=\"1570\" data-end=\"1759\">Unsere Website verwendet sogenannte Cookies. Diese richten keinen Schaden an und enthalten keine Viren. Sie dienen dazu, unser Angebot nutzerfreundlicher, effektiver und sicherer zu machen.<\/p><p data-start=\"1761\" data-end=\"1895\">Sie k\u00f6nnen Ihren Browser so einstellen, dass Sie \u00fcber das Setzen von Cookies informiert werden und Cookies nur im Einzelfall erlauben.<\/p><hr data-start=\"1897\" data-end=\"1900\" \/><h3 data-start=\"1902\" data-end=\"1918\">5. Hosting<\/h3><p data-start=\"1919\" data-end=\"2154\">Unsere Website wird bei einem externen Dienstleister gehostet. Personenbezogene Daten, die auf dieser Website erfasst werden, werden auf den Servern des Hosters gespeichert. Dieser ist vertraglich zur Einhaltung der DSGVO verpflichtet.<\/p><hr data-start=\"2156\" data-end=\"2159\" \/><h3 data-start=\"2161\" data-end=\"2181\">6. Ihre Rechte<\/h3><p data-start=\"2183\" data-end=\"2217\">Sie haben jederzeit das Recht auf:<\/p><ul data-start=\"2219\" data-end=\"2473\"><li data-start=\"2219\" data-end=\"2261\"><p data-start=\"2221\" data-end=\"2261\">Auskunft \u00fcber Ihre gespeicherten Daten<\/p><\/li><li data-start=\"2262\" data-end=\"2296\"><p data-start=\"2264\" data-end=\"2296\">Berichtigung unrichtiger Daten<\/p><\/li><li data-start=\"2297\" data-end=\"2376\"><p data-start=\"2299\" data-end=\"2376\">L\u00f6schung Ihrer Daten, sofern keine gesetzliche Aufbewahrungspflicht besteht<\/p><\/li><li data-start=\"2377\" data-end=\"2411\"><p data-start=\"2379\" data-end=\"2411\">Einschr\u00e4nkung der Verarbeitung<\/p><\/li><li data-start=\"2412\" data-end=\"2450\"><p data-start=\"2414\" data-end=\"2450\">Widerspruch gegen die Verarbeitung<\/p><\/li><li data-start=\"2451\" data-end=\"2473\"><p data-start=\"2453\" data-end=\"2473\">Daten\u00fcbertragbarkeit<\/p><\/li><\/ul><p data-start=\"2475\" data-end=\"2544\">Bitte richten Sie Ihre Anfrage schriftlich an:<br data-start=\"2521\" data-end=\"2524\" \/><strong data-start=\"2524\" data-end=\"2544\"><a class=\"cursor-pointer\" rel=\"noopener\" data-start=\"2526\" data-end=\"2542\">info@profis-celle.de\/kurierdienst<\/a><\/strong><\/p><hr data-start=\"2546\" data-end=\"2549\" \/><h3 data-start=\"2551\" data-end=\"2600\">7. Beschwerderecht bei der Aufsichtsbeh\u00f6rde<\/h3><p data-start=\"2601\" data-end=\"2769\">Im Falle datenschutzrechtlicher Verst\u00f6\u00dfe steht Ihnen ein Beschwerderecht bei der zust\u00e4ndigen Aufsichtsbeh\u00f6rde zu. Die f\u00fcr Niedersachsen zust\u00e4ndige Aufsichtsbeh\u00f6rde ist:<\/p><p data-start=\"2771\" data-end=\"2897\"><strong data-start=\"2771\" data-end=\"2830\">Die Landesbeauftragte f\u00fcr den Datenschutz Niedersachsen<\/strong><br data-start=\"2830\" data-end=\"2833\" \/>Prinzenstra\u00dfe 5<br data-start=\"2848\" data-end=\"2851\" \/>30159 Hannover<br data-start=\"2865\" data-end=\"2868\" \/>Web: <a class=\"cursor-pointer\" target=\"_new\" rel=\"noopener\" data-start=\"2873\" data-end=\"2897\">www.lfd.niedersachsen.de<\/a><\/p><hr data-start=\"2899\" data-end=\"2902\" \/><h3 data-start=\"2904\" data-end=\"2964\">8. Aktualit\u00e4t und \u00c4nderung dieser Datenschutzerkl\u00e4rung<\/h3><p data-start=\"2965\" data-end=\"3106\">Diese Datenschutzerkl\u00e4rung ist aktuell g\u00fcltig und hat den Stand <strong data-start=\"3029\" data-end=\"3042\">Juli 2025<\/strong>.<br data-start=\"3043\" data-end=\"3046\" \/>Wir behalten uns vor, diese Erkl\u00e4rung bei Bedarf anzupassen.<\/p><hr data-start=\"3108\" data-end=\"3111\" \/><p data-start=\"3113\" data-end=\"3281\" data-is-last-node=\"\" data-is-only-node=\"\">\u00a0<\/p>\t\t\t\t\t\t\t\t<\/div>\n\t\t\t\t<\/div>\n\t\t\t\t\t<\/div>\n\t\t<\/div>\n\t\t\t\t\t<\/div>\n\t\t<\/section>\n\t\t\t\t<\/div>\n\t\t","protected":false},"excerpt":{"rendered":"<p>Datenschutzhinweise 1. Allgemeine HinweiseDer Schutz Ihrer pers\u00f6nlichen Daten ist uns ein wichtiges Anliegen. Wir behandeln Ihre personenbezogenen Daten vertraulich und entsprechend der gesetzlichen Datenschutzvorschriften sowie dieser Datenschutzerkl\u00e4rung.Die folgenden Hinweise geben einen einfachen \u00dcberblick dar\u00fcber, was mit Ihren personenbezogenen Daten passiert, wenn Sie unsere Website besuchen.2. Verantwortliche StelleProfis24 GmbHKirchstra\u00dfe 3929221 CelleDeutschlandTelefon: +49 176 55075555E-Mail: info@profis-celle.de3. Erhebung [&hellip;]<\/p>\n","protected":false},"author":1,"featured_media":0,"parent":0,"menu_order":0,"comment_status":"closed","ping_status":"closed","template":"page-templates\/home-1-template.php","meta":{"inline_featured_image":false,"footnotes":""},"class_list":["post-532","page","type-page","status-publish","hentry"],"_links":{"self":[{"href":"https:\/\/profis-celle.de\/kurierdienst\/wp-json\/wp\/v2\/pages\/532","targetHints":{"allow":["GET"]}}],"collection":[{"href":"https:\/\/profis-celle.de\/kurierdienst\/wp-json\/wp\/v2\/pages"}],"about":[{"href":"https:\/\/profis-celle.de\/kurierdienst\/wp-json\/wp\/v2\/types\/page"}],"author":[{"embeddable":true,"href":"https:\/\/profis-celle.de\/kurierdienst\/wp-json\/wp\/v2\/users\/1"}],"replies":[{"embeddable":true,"href":"https:\/\/profis-celle.de\/kurierdienst\/wp-json\/wp\/v2\/comments?post=532"}],"version-history":[{"count":50,"href":"https:\/\/profis-celle.de\/kurierdienst\/wp-json\/wp\/v2\/pages\/532\/revisions"}],"predecessor-version":[{"id":852,"href":"https:\/\/profis-celle.de\/kurierdienst\/wp-json\/wp\/v2\/pages\/532\/revisions\/852"}],"wp:attachment":[{"href":"https:\/\/profis-celle.de\/kurierdienst\/wp-json\/wp\/v2\/media?parent=532"}],"curies":[{"name":"wp","href":"https:\/\/api.w.org\/{rel}","templated":true}]}}