{"id":727,"date":"2023-07-25T08:05:03","date_gmt":"2023-07-25T08:05:03","guid":{"rendered":"https:\/\/cleanpro24.com\/?page_id=727"},"modified":"2025-09-16T10:36:58","modified_gmt":"2025-09-16T08:36:58","slug":"impressum","status":"publish","type":"page","link":"https:\/\/profis-celle.de\/reinigung\/index.php\/impressum\/","title":{"rendered":"Impressum"},"content":{"rendered":"\t\t<div data-elementor-type=\"wp-page\" data-elementor-id=\"727\" class=\"elementor elementor-727\" data-elementor-post-type=\"page\">\n\t\t\t\t\t\t<section class=\"elementor-section elementor-top-section elementor-element elementor-element-efb346a elementor-section-boxed elementor-section-height-default elementor-section-height-default\" data-id=\"efb346a\" data-element_type=\"section\" data-e-type=\"section\">\n\t\t\t\t\t\t<div class=\"elementor-container elementor-column-gap-default\">\n\t\t\t\t\t<div class=\"elementor-column elementor-col-100 elementor-top-column elementor-element elementor-element-a11ddf5\" data-id=\"a11ddf5\" data-element_type=\"column\" data-e-type=\"column\">\n\t\t\t<div class=\"elementor-widget-wrap elementor-element-populated\">\n\t\t\t\t\t\t<div class=\"elementor-element elementor-element-2b44134 elementor-widget elementor-widget-text-editor\" data-id=\"2b44134\" data-element_type=\"widget\" data-e-type=\"widget\" data-widget_type=\"text-editor.default\">\n\t\t\t\t<div class=\"elementor-widget-container\">\n\t\t\t\t\t\t\t\t\t<p data-start=\"260\" data-end=\"320\">Profis24 GmbH<br data-start=\"273\" data-end=\"276\" \/>Kirchstra\u00dfe 39<br data-start=\"290\" data-end=\"293\" \/>29221 Celle<br data-start=\"304\" data-end=\"307\" \/>Deutschland<\/p><p data-start=\"322\" data-end=\"375\">Vertreten durch den Gesch\u00e4ftsf\u00fchrer:<br data-start=\"358\" data-end=\"361\" \/>Faisal Rasuli<\/p><p data-start=\"377\" data-end=\"456\">Telefon: +49 176 55075555<br data-start=\"402\" data-end=\"405\" \/>E-Mail: <a class=\"cursor-pointer\" rel=\"noopener\" data-start=\"413\" data-end=\"429\">info@profis-celle.de<\/a><br data-start=\"429\" data-end=\"432\" \/>Website: <a class=\"\" href=\"http:\/\/www.profis24.de\" target=\"_new\" rel=\"noopener\" data-start=\"441\" data-end=\"456\">www.profis-celle.de\/kurierdienst<\/a><\/p><p data-start=\"458\" data-end=\"576\">Registereintrag:<br data-start=\"474\" data-end=\"477\" \/>Eintragung im Handelsregister.<br data-start=\"507\" data-end=\"510\" \/>Registergericht: Amtsgericht L\u00fcneburg<br data-start=\"547\" data-end=\"550\" \/>Registernummer: HRB 213161<\/p><h3 data-start=\"760\" data-end=\"818\">Verantwortlich f\u00fcr den Inhalt nach \u00a7 55 Abs. 2 RStV:<\/h3><p data-start=\"819\" data-end=\"864\">Faisal Rasuli<br data-start=\"833\" data-end=\"836\" \/>Kirchstra\u00dfe 39<br data-start=\"850\" data-end=\"853\" \/>29221 Celle<\/p><h3 data-start=\"871\" data-end=\"893\">Haftungsausschluss<\/h3><p data-start=\"895\" data-end=\"1410\"><strong data-start=\"895\" data-end=\"918\">Haftung f\u00fcr Inhalte<\/strong><br data-start=\"918\" data-end=\"921\" \/>Als Diensteanbieter sind wir gem\u00e4\u00df \u00a7 7 Abs.1 TMG f\u00fcr eigene Inhalte auf diesen Seiten nach den allgemeinen Gesetzen verantwortlich. Nach \u00a7\u00a7 8 bis 10 TMG sind wir als Diensteanbieter jedoch nicht verpflichtet, \u00fcbermittelte oder gespeicherte fremde Informationen zu \u00fcberwachen oder nach Umst\u00e4nden zu forschen, die auf eine rechtswidrige T\u00e4tigkeit hinweisen.<br data-start=\"1276\" data-end=\"1279\" \/>Verpflichtungen zur Entfernung oder Sperrung der Nutzung von Informationen nach den allgemeinen Gesetzen bleiben hiervon unber\u00fchrt.<\/p><p data-start=\"1412\" data-end=\"1726\"><strong data-start=\"1412\" data-end=\"1433\">Haftung f\u00fcr Links<\/strong><br data-start=\"1433\" data-end=\"1436\" \/>Unser Angebot enth\u00e4lt Links zu externen Websites Dritter, auf deren Inhalte wir keinen Einfluss haben. Deshalb k\u00f6nnen wir f\u00fcr diese fremden Inhalte auch keine Gew\u00e4hr \u00fcbernehmen. F\u00fcr die Inhalte der verlinkten Seiten ist stets der jeweilige Anbieter oder Betreiber der Seiten verantwortlich.<\/p>\t\t\t\t\t\t\t\t<\/div>\n\t\t\t\t<\/div>\n\t\t\t\t\t<\/div>\n\t\t<\/div>\n\t\t\t\t\t<\/div>\n\t\t<\/section>\n\t\t\t\t<\/div>\n\t\t","protected":false},"excerpt":{"rendered":"<p>Profis24 GmbHKirchstra\u00dfe 3929221 CelleDeutschland Vertreten durch den Gesch\u00e4ftsf\u00fchrer:Faisal Rasuli Telefon: +49 176 55075555E-Mail: info@profis-celle.deWebsite: www.profis-celle.de\/kurierdienst Registereintrag:Eintragung im Handelsregister.Registergericht: Amtsgericht L\u00fcneburgRegisternummer: HRB 213161 Verantwortlich f\u00fcr den Inhalt nach \u00a7 55 Abs. 2 RStV: Faisal RasuliKirchstra\u00dfe 3929221 Celle Haftungsausschluss Haftung f\u00fcr InhalteAls Diensteanbieter sind wir gem\u00e4\u00df \u00a7 7 Abs.1 TMG f\u00fcr eigene Inhalte auf diesen Seiten nach [&hellip;]<\/p>\n","protected":false},"author":1,"featured_media":0,"parent":0,"menu_order":0,"comment_status":"closed","ping_status":"closed","template":"","meta":{"footnotes":""},"class_list":["post-727","page","type-page","status-publish","hentry"],"_links":{"self":[{"href":"https:\/\/profis-celle.de\/reinigung\/index.php\/wp-json\/wp\/v2\/pages\/727","targetHints":{"allow":["GET"]}}],"collection":[{"href":"https:\/\/profis-celle.de\/reinigung\/index.php\/wp-json\/wp\/v2\/pages"}],"about":[{"href":"https:\/\/profis-celle.de\/reinigung\/index.php\/wp-json\/wp\/v2\/types\/page"}],"author":[{"embeddable":true,"href":"https:\/\/profis-celle.de\/reinigung\/index.php\/wp-json\/wp\/v2\/users\/1"}],"replies":[{"embeddable":true,"href":"https:\/\/profis-celle.de\/reinigung\/index.php\/wp-json\/wp\/v2\/comments?post=727"}],"version-history":[{"count":28,"href":"https:\/\/profis-celle.de\/reinigung\/index.php\/wp-json\/wp\/v2\/pages\/727\/revisions"}],"predecessor-version":[{"id":1219,"href":"https:\/\/profis-celle.de\/reinigung\/index.php\/wp-json\/wp\/v2\/pages\/727\/revisions\/1219"}],"wp:attachment":[{"href":"https:\/\/profis-celle.de\/reinigung\/index.php\/wp-json\/wp\/v2\/media?parent=727"}],"curies":[{"name":"wp","href":"https:\/\/api.w.org\/{rel}","templated":true}]}}